{"id":64,"date":"2015-02-28T14:13:53","date_gmt":"2015-02-28T13:13:53","guid":{"rendered":"http:\/\/lecznica.gdynia.pl\/?page_id=64"},"modified":"2023-10-19T11:39:04","modified_gmt":"2023-10-19T10:39:04","slug":"personel-pomocniczy","status":"publish","type":"page","link":"https:\/\/lecznica.gdynia.pl\/?page_id=64","title":{"rendered":"Personel pomocniczy"},"content":{"rendered":"<p><strong><img decoding=\"async\" loading=\"lazy\" class=\"alignleft size-thumbnail wp-image-291\" src=\"https:\/\/lecznica.gdynia.pl\/wp-content\/uploads\/2015\/02\/M_Bankowski-130x150.jpg\" alt=\"M_Bankowski\" width=\"130\" height=\"150\" srcset=\"https:\/\/lecznica.gdynia.pl\/wp-content\/uploads\/2015\/02\/M_Bankowski.jpg 130w, https:\/\/lecznica.gdynia.pl\/wp-content\/uploads\/2015\/02\/M_Bankowski-43x50.jpg 43w\" sizes=\"(max-width: 130px) 100vw, 130px\" \/>Marek Ba\u0144kowski &#8211; Asystent<br \/>\n<\/strong>W klinice pracuje od 1992 roku jako piel\u0119gniarz-asystent.&nbsp; Odpowiedzialny za przygotowywanie zwierz\u0105t do zabieg\u00f3w, fizykoterapi\u0119 oraz szpital. Od maja 2010 r. dodatkowo zajmuje si\u0119 logistyk\u0105 oraz kontaktami z przedstawicielami firm farmaceutycznych. Prywatnie posiadacz 2&nbsp; kot\u00f3w Ragdolli.<\/p>\n<p>&nbsp;<\/p>\n<p>&nbsp;<\/p>\n<p style=\"text-align: justify;\"><strong><img decoding=\"async\" loading=\"lazy\" class=\"alignleft size-thumbnail wp-image-293\" src=\"https:\/\/lecznica.gdynia.pl\/wp-content\/uploads\/2015\/02\/W_Chrabkowska-130x150.jpg\" alt=\"W_Chrabkowska\" width=\"130\" height=\"150\" srcset=\"https:\/\/lecznica.gdynia.pl\/wp-content\/uploads\/2015\/02\/W_Chrabkowska.jpg 130w, https:\/\/lecznica.gdynia.pl\/wp-content\/uploads\/2015\/02\/W_Chrabkowska-43x50.jpg 43w\" sizes=\"(max-width: 130px) 100vw, 130px\" \/>Wioleta Haase<br \/>\n<\/strong>W klinice pracuje od 13.05.2006 roku, wykonuj\u0119 r\u00f3\u017cne prace w obr\u0119bie recepcji. Do moich obowi\u0105zk\u00f3w nale\u017cy m. in. dbanie o klienta przed wej\u015bciem do lekarza. Ponad to zajmuj\u0119 si\u0119 strzy\u017ceniem piesk\u00f3w oraz kotk\u00f3w.<strong><br \/>\n<\/strong><\/p>\n<p style=\"text-align: justify;\">Jak ka\u017cdy z pracownik\u00f3w r\u00f3wnie\u017c posiadam swoich pupili: 2 koty &#8211; Micka i B\u0142\u0119kitka, psa Sisi, 2 gekony &#8211; Gryzaczka i Krokodylka oraz rybki.<\/p>\n","protected":false},"excerpt":{"rendered":"<p>Marek Ba\u0144kowski &#8211; Asystent W klinice pracuje od 1992 roku jako piel\u0119gniarz-asystent.&nbsp; Odpowiedzialny za przygotowywanie zwierz\u0105t do zabieg\u00f3w, fizykoterapi\u0119 oraz szpital. Od maja 2010 r. dodatkowo zajmuje si\u0119 logistyk\u0105 oraz kontaktami z przedstawicielami firm farmaceutycznych. Prywatnie posiadacz 2&nbsp; kot\u00f3w Ragdolli. &nbsp; &nbsp; Wioleta Haase W klinice pracuje od 13.05.2006 roku, \u2026<\/p>\n<p class=\"continue-reading-button\"> <a class=\"continue-reading-link\" href=\"https:\/\/lecznica.gdynia.pl\/?page_id=64\">Czytaj dalej<i class=\"crycon-right-dir\"><\/i><\/a><\/p>\n","protected":false},"author":1,"featured_media":0,"parent":26,"menu_order":0,"comment_status":"closed","ping_status":"closed","template":"","meta":{"ngg_post_thumbnail":0,"footnotes":""},"_links":{"self":[{"href":"https:\/\/lecznica.gdynia.pl\/index.php?rest_route=\/wp\/v2\/pages\/64"}],"collection":[{"href":"https:\/\/lecznica.gdynia.pl\/index.php?rest_route=\/wp\/v2\/pages"}],"about":[{"href":"https:\/\/lecznica.gdynia.pl\/index.php?rest_route=\/wp\/v2\/types\/page"}],"author":[{"embeddable":true,"href":"https:\/\/lecznica.gdynia.pl\/index.php?rest_route=\/wp\/v2\/users\/1"}],"replies":[{"embeddable":true,"href":"https:\/\/lecznica.gdynia.pl\/index.php?rest_route=%2Fwp%2Fv2%2Fcomments&post=64"}],"version-history":[{"count":21,"href":"https:\/\/lecznica.gdynia.pl\/index.php?rest_route=\/wp\/v2\/pages\/64\/revisions"}],"predecessor-version":[{"id":4004,"href":"https:\/\/lecznica.gdynia.pl\/index.php?rest_route=\/wp\/v2\/pages\/64\/revisions\/4004"}],"up":[{"embeddable":true,"href":"https:\/\/lecznica.gdynia.pl\/index.php?rest_route=\/wp\/v2\/pages\/26"}],"wp:attachment":[{"href":"https:\/\/lecznica.gdynia.pl\/index.php?rest_route=%2Fwp%2Fv2%2Fmedia&parent=64"}],"curies":[{"name":"wp","href":"https:\/\/api.w.org\/{rel}","templated":true}]}}