{"id":62,"date":"2015-02-28T14:13:10","date_gmt":"2015-02-28T13:13:10","guid":{"rendered":"http:\/\/lecznica.gdynia.pl\/?page_id=62"},"modified":"2015-03-01T00:05:33","modified_gmt":"2015-02-28T23:05:33","slug":"diety","status":"publish","type":"page","link":"https:\/\/lecznica.gdynia.pl\/?page_id=62","title":{"rendered":"Diety"},"content":{"rendered":"<p><img decoding=\"async\" loading=\"lazy\" class=\"aligncenter size-full wp-image-312\" src=\"https:\/\/lecznica.gdynia.pl\/wp-content\/uploads\/2015\/02\/Diety_Baner.jpg\" alt=\"Diety_Baner\" width=\"748\" height=\"179\" srcset=\"https:\/\/lecznica.gdynia.pl\/wp-content\/uploads\/2015\/02\/Diety_Baner.jpg 748w, https:\/\/lecznica.gdynia.pl\/wp-content\/uploads\/2015\/02\/Diety_Baner-300x72.jpg 300w, https:\/\/lecznica.gdynia.pl\/wp-content\/uploads\/2015\/02\/Diety_Baner-150x36.jpg 150w\" sizes=\"(max-width: 748px) 100vw, 748px\" \/><\/p>\n<p><strong>Oferta obejmuje<\/strong>:<\/p>\n<ul>\n<li>Dob\u00f3r odpowiedniej diety do schorze\u0144 zwierz\u0119cia<\/li>\n<li>Diety weterynaryjne firm: Royal Canin, Hill&#8217;s, Eukanuba<\/li>\n<li>Indywidualne porady dietetyczne<\/li>\n<\/ul>\n","protected":false},"excerpt":{"rendered":"<p>Oferta obejmuje: Dob\u00f3r odpowiedniej diety do schorze\u0144 zwierz\u0119cia Diety weterynaryjne firm: Royal Canin, Hill&#8217;s, Eukanuba Indywidualne porady dietetyczne<\/p>\n<p class=\"continue-reading-button\"> <a class=\"continue-reading-link\" href=\"https:\/\/lecznica.gdynia.pl\/?page_id=62\">Czytaj dalej<i class=\"crycon-right-dir\"><\/i><\/a><\/p>\n","protected":false},"author":1,"featured_media":0,"parent":30,"menu_order":0,"comment_status":"closed","ping_status":"closed","template":"","meta":{"ngg_post_thumbnail":0,"footnotes":""},"_links":{"self":[{"href":"https:\/\/lecznica.gdynia.pl\/index.php?rest_route=\/wp\/v2\/pages\/62"}],"collection":[{"href":"https:\/\/lecznica.gdynia.pl\/index.php?rest_route=\/wp\/v2\/pages"}],"about":[{"href":"https:\/\/lecznica.gdynia.pl\/index.php?rest_route=\/wp\/v2\/types\/page"}],"author":[{"embeddable":true,"href":"https:\/\/lecznica.gdynia.pl\/index.php?rest_route=\/wp\/v2\/users\/1"}],"replies":[{"embeddable":true,"href":"https:\/\/lecznica.gdynia.pl\/index.php?rest_route=%2Fwp%2Fv2%2Fcomments&post=62"}],"version-history":[{"count":2,"href":"https:\/\/lecznica.gdynia.pl\/index.php?rest_route=\/wp\/v2\/pages\/62\/revisions"}],"predecessor-version":[{"id":326,"href":"https:\/\/lecznica.gdynia.pl\/index.php?rest_route=\/wp\/v2\/pages\/62\/revisions\/326"}],"up":[{"embeddable":true,"href":"https:\/\/lecznica.gdynia.pl\/index.php?rest_route=\/wp\/v2\/pages\/30"}],"wp:attachment":[{"href":"https:\/\/lecznica.gdynia.pl\/index.php?rest_route=%2Fwp%2Fv2%2Fmedia&parent=62"}],"curies":[{"name":"wp","href":"https:\/\/api.w.org\/{rel}","templated":true}]}}