{"id":56,"date":"2015-02-28T14:12:32","date_gmt":"2015-02-28T13:12:32","guid":{"rendered":"http:\/\/lecznica.gdynia.pl\/?page_id=56"},"modified":"2015-03-01T17:26:23","modified_gmt":"2015-03-01T16:26:23","slug":"szpital","status":"publish","type":"page","link":"https:\/\/lecznica.gdynia.pl\/?page_id=56","title":{"rendered":"Szpital"},"content":{"rendered":"<p><img decoding=\"async\" loading=\"lazy\" class=\"aligncenter size-full wp-image-318\" src=\"https:\/\/lecznica.gdynia.pl\/wp-content\/uploads\/2015\/02\/Szpital_Baner.jpg\" alt=\"Szpital_Baner\" width=\"748\" height=\"179\" srcset=\"https:\/\/lecznica.gdynia.pl\/wp-content\/uploads\/2015\/02\/Szpital_Baner.jpg 748w, https:\/\/lecznica.gdynia.pl\/wp-content\/uploads\/2015\/02\/Szpital_Baner-300x72.jpg 300w, https:\/\/lecznica.gdynia.pl\/wp-content\/uploads\/2015\/02\/Szpital_Baner-150x36.jpg 150w\" sizes=\"(max-width: 748px) 100vw, 748px\" \/><\/p>\n<p>&#8211;\u00a0Mo\u017cliwo\u015b\u0107 hospitalizacji zwierz\u0105t po zabiegach chirurgicznych, wypadkach komunikacyjnych.<\/p>\n<p>&#8211; Opieka w stanach nag\u0142ych<\/p>\n","protected":false},"excerpt":{"rendered":"<p>&#8211;\u00a0Mo\u017cliwo\u015b\u0107 hospitalizacji zwierz\u0105t po zabiegach chirurgicznych, wypadkach komunikacyjnych. &#8211; Opieka w stanach nag\u0142ych<\/p>\n<p class=\"continue-reading-button\"> <a class=\"continue-reading-link\" href=\"https:\/\/lecznica.gdynia.pl\/?page_id=56\">Czytaj dalej<i class=\"crycon-right-dir\"><\/i><\/a><\/p>\n","protected":false},"author":1,"featured_media":0,"parent":30,"menu_order":0,"comment_status":"closed","ping_status":"closed","template":"","meta":{"ngg_post_thumbnail":0,"footnotes":""},"_links":{"self":[{"href":"https:\/\/lecznica.gdynia.pl\/index.php?rest_route=\/wp\/v2\/pages\/56"}],"collection":[{"href":"https:\/\/lecznica.gdynia.pl\/index.php?rest_route=\/wp\/v2\/pages"}],"about":[{"href":"https:\/\/lecznica.gdynia.pl\/index.php?rest_route=\/wp\/v2\/types\/page"}],"author":[{"embeddable":true,"href":"https:\/\/lecznica.gdynia.pl\/index.php?rest_route=\/wp\/v2\/users\/1"}],"replies":[{"embeddable":true,"href":"https:\/\/lecznica.gdynia.pl\/index.php?rest_route=%2Fwp%2Fv2%2Fcomments&post=56"}],"version-history":[{"count":2,"href":"https:\/\/lecznica.gdynia.pl\/index.php?rest_route=\/wp\/v2\/pages\/56\/revisions"}],"predecessor-version":[{"id":404,"href":"https:\/\/lecznica.gdynia.pl\/index.php?rest_route=\/wp\/v2\/pages\/56\/revisions\/404"}],"up":[{"embeddable":true,"href":"https:\/\/lecznica.gdynia.pl\/index.php?rest_route=\/wp\/v2\/pages\/30"}],"wp:attachment":[{"href":"https:\/\/lecznica.gdynia.pl\/index.php?rest_route=%2Fwp%2Fv2%2Fmedia&parent=56"}],"curies":[{"name":"wp","href":"https:\/\/api.w.org\/{rel}","templated":true}]}}