{"id":54,"date":"2015-02-28T14:12:20","date_gmt":"2015-02-28T13:12:20","guid":{"rendered":"http:\/\/lecznica.gdynia.pl\/?page_id=54"},"modified":"2015-03-01T17:24:24","modified_gmt":"2015-03-01T16:24:24","slug":"rozrod","status":"publish","type":"page","link":"https:\/\/lecznica.gdynia.pl\/?page_id=54","title":{"rendered":"Rozr\u00f3d"},"content":{"rendered":"<p><img decoding=\"async\" loading=\"lazy\" class=\"aligncenter size-full wp-image-316\" src=\"https:\/\/lecznica.gdynia.pl\/wp-content\/uploads\/2015\/02\/Rozrod_Baner.jpg\" alt=\"Rozrod_Baner\" width=\"748\" height=\"179\" srcset=\"https:\/\/lecznica.gdynia.pl\/wp-content\/uploads\/2015\/02\/Rozrod_Baner.jpg 748w, https:\/\/lecznica.gdynia.pl\/wp-content\/uploads\/2015\/02\/Rozrod_Baner-300x72.jpg 300w, https:\/\/lecznica.gdynia.pl\/wp-content\/uploads\/2015\/02\/Rozrod_Baner-150x36.jpg 150w\" sizes=\"(max-width: 748px) 100vw, 748px\" \/><\/p>\n<p><strong>\u015awiadczymy us\u0142ugi w charakterze:<\/strong><\/p>\n<p>&#8211; Planowania terminu krycia<\/p>\n<p>&#8211; Badania cytologicznego suk i kotek<\/p>\n<p>&#8211; Bada\u0144 hormonalnych<\/p>\n<p>&#8211; Opieki w trakcie ci\u0105\u017cy<\/p>\n<p>&#8211; Wykonywania cesarskiego ci\u0119cia<\/p>\n<p>&#8211; Antykoncepcji dla zwierz\u0105t<\/p>\n<p>&#8211; Inkubatora dla szczeni\u0105t<\/p>\n","protected":false},"excerpt":{"rendered":"<p>\u015awiadczymy us\u0142ugi w charakterze: &#8211; Planowania terminu krycia &#8211; Badania cytologicznego suk i kotek &#8211; Bada\u0144 hormonalnych &#8211; Opieki w trakcie ci\u0105\u017cy &#8211; Wykonywania cesarskiego ci\u0119cia &#8211; Antykoncepcji dla zwierz\u0105t &#8211; Inkubatora dla szczeni\u0105t<\/p>\n<p class=\"continue-reading-button\"> <a class=\"continue-reading-link\" href=\"https:\/\/lecznica.gdynia.pl\/?page_id=54\">Czytaj dalej<i class=\"crycon-right-dir\"><\/i><\/a><\/p>\n","protected":false},"author":1,"featured_media":0,"parent":30,"menu_order":0,"comment_status":"closed","ping_status":"closed","template":"","meta":{"ngg_post_thumbnail":0,"footnotes":""},"_links":{"self":[{"href":"https:\/\/lecznica.gdynia.pl\/index.php?rest_route=\/wp\/v2\/pages\/54"}],"collection":[{"href":"https:\/\/lecznica.gdynia.pl\/index.php?rest_route=\/wp\/v2\/pages"}],"about":[{"href":"https:\/\/lecznica.gdynia.pl\/index.php?rest_route=\/wp\/v2\/types\/page"}],"author":[{"embeddable":true,"href":"https:\/\/lecznica.gdynia.pl\/index.php?rest_route=\/wp\/v2\/users\/1"}],"replies":[{"embeddable":true,"href":"https:\/\/lecznica.gdynia.pl\/index.php?rest_route=%2Fwp%2Fv2%2Fcomments&post=54"}],"version-history":[{"count":2,"href":"https:\/\/lecznica.gdynia.pl\/index.php?rest_route=\/wp\/v2\/pages\/54\/revisions"}],"predecessor-version":[{"id":402,"href":"https:\/\/lecznica.gdynia.pl\/index.php?rest_route=\/wp\/v2\/pages\/54\/revisions\/402"}],"up":[{"embeddable":true,"href":"https:\/\/lecznica.gdynia.pl\/index.php?rest_route=\/wp\/v2\/pages\/30"}],"wp:attachment":[{"href":"https:\/\/lecznica.gdynia.pl\/index.php?rest_route=%2Fwp%2Fv2%2Fmedia&parent=54"}],"curies":[{"name":"wp","href":"https:\/\/api.w.org\/{rel}","templated":true}]}}