{"id":52,"date":"2015-02-28T14:12:09","date_gmt":"2015-02-28T13:12:09","guid":{"rendered":"http:\/\/lecznica.gdynia.pl\/?page_id=52"},"modified":"2015-03-01T17:25:39","modified_gmt":"2015-03-01T16:25:39","slug":"stomatologia","status":"publish","type":"page","link":"https:\/\/lecznica.gdynia.pl\/?page_id=52","title":{"rendered":"Stomatologia"},"content":{"rendered":"<p><img decoding=\"async\" loading=\"lazy\" class=\"aligncenter size-full wp-image-317\" src=\"https:\/\/lecznica.gdynia.pl\/wp-content\/uploads\/2015\/02\/Stomatologia_Baner.jpg\" alt=\"Stomatologia_Baner\" width=\"748\" height=\"179\" srcset=\"https:\/\/lecznica.gdynia.pl\/wp-content\/uploads\/2015\/02\/Stomatologia_Baner.jpg 748w, https:\/\/lecznica.gdynia.pl\/wp-content\/uploads\/2015\/02\/Stomatologia_Baner-300x72.jpg 300w, https:\/\/lecznica.gdynia.pl\/wp-content\/uploads\/2015\/02\/Stomatologia_Baner-150x36.jpg 150w\" sizes=\"(max-width: 748px) 100vw, 748px\" \/><\/p>\n<p><strong>\u015awiadczymy us\u0142ugi w charakterze:<\/strong><\/p>\n<p>&#8211; Ultrad\u017awi\u0119kowego usuwania kamienia naz\u0119bnego<\/p>\n<p>&#8211; Usuwania przetrwa\u0142ych z\u0119b\u00f3w mlecznych<\/p>\n<p>&#8211; Leczenia chor\u00f3b przyz\u0119bia<\/p>\n<p>&#8211; Usuwania nadzi\u0105\u015blak\u00f3w<\/p>\n<p>&#8211; Korekcji z\u0119b\u00f3w u gryzoni<\/p>\n","protected":false},"excerpt":{"rendered":"<p>\u015awiadczymy us\u0142ugi w charakterze: &#8211; Ultrad\u017awi\u0119kowego usuwania kamienia naz\u0119bnego &#8211; Usuwania przetrwa\u0142ych z\u0119b\u00f3w mlecznych &#8211; Leczenia chor\u00f3b przyz\u0119bia &#8211; Usuwania nadzi\u0105\u015blak\u00f3w &#8211; Korekcji z\u0119b\u00f3w u gryzoni<\/p>\n<p class=\"continue-reading-button\"> <a class=\"continue-reading-link\" href=\"https:\/\/lecznica.gdynia.pl\/?page_id=52\">Czytaj dalej<i class=\"crycon-right-dir\"><\/i><\/a><\/p>\n","protected":false},"author":1,"featured_media":0,"parent":30,"menu_order":0,"comment_status":"closed","ping_status":"closed","template":"","meta":{"ngg_post_thumbnail":0,"footnotes":""},"_links":{"self":[{"href":"https:\/\/lecznica.gdynia.pl\/index.php?rest_route=\/wp\/v2\/pages\/52"}],"collection":[{"href":"https:\/\/lecznica.gdynia.pl\/index.php?rest_route=\/wp\/v2\/pages"}],"about":[{"href":"https:\/\/lecznica.gdynia.pl\/index.php?rest_route=\/wp\/v2\/types\/page"}],"author":[{"embeddable":true,"href":"https:\/\/lecznica.gdynia.pl\/index.php?rest_route=\/wp\/v2\/users\/1"}],"replies":[{"embeddable":true,"href":"https:\/\/lecznica.gdynia.pl\/index.php?rest_route=%2Fwp%2Fv2%2Fcomments&post=52"}],"version-history":[{"count":2,"href":"https:\/\/lecznica.gdynia.pl\/index.php?rest_route=\/wp\/v2\/pages\/52\/revisions"}],"predecessor-version":[{"id":403,"href":"https:\/\/lecznica.gdynia.pl\/index.php?rest_route=\/wp\/v2\/pages\/52\/revisions\/403"}],"up":[{"embeddable":true,"href":"https:\/\/lecznica.gdynia.pl\/index.php?rest_route=\/wp\/v2\/pages\/30"}],"wp:attachment":[{"href":"https:\/\/lecznica.gdynia.pl\/index.php?rest_route=%2Fwp%2Fv2%2Fmedia&parent=52"}],"curies":[{"name":"wp","href":"https:\/\/api.w.org\/{rel}","templated":true}]}}