{"id":40,"date":"2015-02-28T14:05:26","date_gmt":"2015-02-28T13:05:26","guid":{"rendered":"http:\/\/lecznica.gdynia.pl\/?page_id=40"},"modified":"2015-03-01T16:18:35","modified_gmt":"2015-03-01T15:18:35","slug":"sklep-zoologiczny","status":"publish","type":"page","link":"https:\/\/lecznica.gdynia.pl\/?page_id=40","title":{"rendered":"Sklep zoologiczny"},"content":{"rendered":"<p><strong><img decoding=\"async\" loading=\"lazy\" class=\"aligncenter size-full wp-image-329\" src=\"https:\/\/lecznica.gdynia.pl\/wp-content\/uploads\/2015\/02\/Sklep1.jpg\" alt=\"Sklep1\" width=\"737\" height=\"474\" srcset=\"https:\/\/lecznica.gdynia.pl\/wp-content\/uploads\/2015\/02\/Sklep1.jpg 737w, https:\/\/lecznica.gdynia.pl\/wp-content\/uploads\/2015\/02\/Sklep1-300x193.jpg 300w, https:\/\/lecznica.gdynia.pl\/wp-content\/uploads\/2015\/02\/Sklep1-78x50.jpg 78w, https:\/\/lecznica.gdynia.pl\/wp-content\/uploads\/2015\/02\/Sklep1-150x96.jpg 150w\" sizes=\"(max-width: 737px) 100vw, 737px\" \/>Na terenie lecznicy znajduje si\u0119 sklep z artyku\u0142ami zoologicznymi, kt\u00f3ry oferuje:<\/strong><\/p>\n<ul>\n<li>Bogaty wyb\u00f3r profesjonalnych karm najlepszych firm<\/li>\n<li>Akcesoria do szkole\u0144 i tresury ps\u00f3w<\/li>\n<li>Zabawki dla zwierz\u0105t<\/li>\n<li>Szereg artyku\u0142\u00f3w piel\u0119gnacyjnych<\/li>\n<\/ul>\n<div><strong><br \/>\nKontakt:<\/strong><\/div>\n<div>\n<ul>\n<li><strong>Tel.: <\/strong>58 662 04 73<\/li>\n<li><a href=\"http:\/\/hells.pl\/browse.php?u=Oi8vbGVjem5pY2EuZ2R5bmlhLnBsL20m&amp;b=5#97;ilto:iguana@lecznica.gdynia.pl\">iguana@lecznica.gdynia.pl<\/a><\/li>\n<\/ul>\n<\/div>\n","protected":false},"excerpt":{"rendered":"<p>Na terenie lecznicy znajduje si\u0119 sklep z artyku\u0142ami zoologicznymi, kt\u00f3ry oferuje: Bogaty wyb\u00f3r profesjonalnych karm najlepszych firm Akcesoria do szkole\u0144 i tresury ps\u00f3w Zabawki dla zwierz\u0105t Szereg artyku\u0142\u00f3w piel\u0119gnacyjnych Kontakt: Tel.: 58 662 04 73 iguana@lecznica.gdynia.pl<\/p>\n<p class=\"continue-reading-button\"> <a class=\"continue-reading-link\" href=\"https:\/\/lecznica.gdynia.pl\/?page_id=40\">Czytaj dalej<i class=\"crycon-right-dir\"><\/i><\/a><\/p>\n","protected":false},"author":1,"featured_media":0,"parent":0,"menu_order":0,"comment_status":"closed","ping_status":"closed","template":"","meta":{"ngg_post_thumbnail":0,"footnotes":""},"_links":{"self":[{"href":"https:\/\/lecznica.gdynia.pl\/index.php?rest_route=\/wp\/v2\/pages\/40"}],"collection":[{"href":"https:\/\/lecznica.gdynia.pl\/index.php?rest_route=\/wp\/v2\/pages"}],"about":[{"href":"https:\/\/lecznica.gdynia.pl\/index.php?rest_route=\/wp\/v2\/types\/page"}],"author":[{"embeddable":true,"href":"https:\/\/lecznica.gdynia.pl\/index.php?rest_route=\/wp\/v2\/users\/1"}],"replies":[{"embeddable":true,"href":"https:\/\/lecznica.gdynia.pl\/index.php?rest_route=%2Fwp%2Fv2%2Fcomments&post=40"}],"version-history":[{"count":2,"href":"https:\/\/lecznica.gdynia.pl\/index.php?rest_route=\/wp\/v2\/pages\/40\/revisions"}],"predecessor-version":[{"id":330,"href":"https:\/\/lecznica.gdynia.pl\/index.php?rest_route=\/wp\/v2\/pages\/40\/revisions\/330"}],"wp:attachment":[{"href":"https:\/\/lecznica.gdynia.pl\/index.php?rest_route=%2Fwp%2Fv2%2Fmedia&parent=40"}],"curies":[{"name":"wp","href":"https:\/\/api.w.org\/{rel}","templated":true}]}}