{"id":36,"date":"2015-02-28T14:04:57","date_gmt":"2015-02-28T13:04:57","guid":{"rendered":"http:\/\/lecznica.gdynia.pl\/?page_id=36"},"modified":"2015-03-01T16:35:53","modified_gmt":"2015-03-01T15:35:53","slug":"linki","status":"publish","type":"page","link":"https:\/\/lecznica.gdynia.pl\/?page_id=36","title":{"rendered":"Linki"},"content":{"rendered":"<p style=\"text-align: left;\">            \n\t\t<div class=\"ngg-gallery-singlepic-image \" style=\"\">\n\t\t\t    \t<a href=\"https:\/\/lecznica.gdynia.pl\/wp-content\/gallery\/linki\/Organizacje_PP.png\"\n\t\t     title=\"\"\n             data-src=\"https:\/\/lecznica.gdynia.pl\/wp-content\/gallery\/linki\/Organizacje_PP.png\"\n             data-thumbnail=\"https:\/\/lecznica.gdynia.pl\/wp-content\/gallery\/linki\/thumbs\/thumbs_Organizacje_PP.png\"\n             data-image-id=\"24\"\n             data-title=\"Organizacje_PP.png\"\n             data-description=\"\"\n             target='_self'\n             class=\"ngg-fancybox\" rel=\"c8049258f62c7b16ce3322b11c7dadd6\">\n            <img class=\"ngg-singlepic\"\n             src=\"https:\/\/lecznica.gdynia.pl\/wp-content\/gallery\/linki\/cache\/Organizacje_PP.png-nggid0224-ngg0dyn-0x0x100-00f0w010c010r110f110r010t010.png\"\n             alt=\"Organizacje_PP.png\"\n             title=\"Organizacje_PP.png\"\n                           \/>\n    \t<\/a>\n\t\t      <\/div>\n        <\/p>\n<p><strong>1. Stowarzyszenie Pomocy Zwierz\u0119tom<\/strong><\/p>\n<p><strong><a href=\"http:\/\/stowarzyszeniepomocyzwierzetom.pl\/\">http:\/\/stowarzyszeniepomocyzwierzetom.pl\/<\/a><\/strong><\/p>\n            \n\t\t<div class=\"ngg-gallery-singlepic-image \" style=\"\">\n\t\t\t    \t<a href=\"https:\/\/lecznica.gdynia.pl\/wp-content\/gallery\/linki\/GSPZ.jpg\"\n\t\t     title=\"\"\n             data-src=\"https:\/\/lecznica.gdynia.pl\/wp-content\/gallery\/linki\/GSPZ.jpg\"\n             data-thumbnail=\"https:\/\/lecznica.gdynia.pl\/wp-content\/gallery\/linki\/thumbs\/thumbs_GSPZ.jpg\"\n             data-image-id=\"21\"\n             data-title=\"GSPZ.jpg\"\n             data-description=\"\"\n             target='_self'\n             class=\"ngg-fancybox\" rel=\"832c37bba2e7dedd89aae20bcf234bc8\">\n            <img class=\"ngg-singlepic\"\n             src=\"https:\/\/lecznica.gdynia.pl\/wp-content\/gallery\/linki\/cache\/GSPZ.jpg-nggid0221-ngg0dyn-0x0x100-00f0w010c010r110f110r010t010.jpg\"\n             alt=\"GSPZ.jpg\"\n             title=\"GSPZ.jpg\"\n                           \/>\n    \t<\/a>\n\t\t      <\/div>\n        \n<p><strong>2. Og\u00f3lnopolskie Towarzystwo Ochrony Zwierz\u0105t OTOZ ANIMALS<\/strong><\/p>\n<p><strong> <a href=\"http:\/\/hells.pl\/browse.php?u=Oi8vd3d3Lm90b3oucGw%3D&amp;b=5\" target=\"_blank\">www.otoz.pl<\/a><\/strong><\/p>\n            \n\t\t<div class=\"ngg-gallery-singlepic-image \" style=\"\">\n\t\t\t    \t<a href=\"https:\/\/lecznica.gdynia.pl\/wp-content\/gallery\/linki\/logo1.jpg\"\n\t\t     title=\"\"\n             data-src=\"https:\/\/lecznica.gdynia.pl\/wp-content\/gallery\/linki\/logo1.jpg\"\n             data-thumbnail=\"https:\/\/lecznica.gdynia.pl\/wp-content\/gallery\/linki\/thumbs\/thumbs_logo1.jpg\"\n             data-image-id=\"23\"\n             data-title=\"logo1.jpg\"\n             data-description=\"\"\n             target='_self'\n             class=\"ngg-fancybox\" rel=\"f18bda514e6593e7532d1afbf4ed3f68\">\n            <img class=\"ngg-singlepic\"\n             src=\"https:\/\/lecznica.gdynia.pl\/wp-content\/gallery\/linki\/cache\/logo1.jpg-nggid0223-ngg0dyn-0x0x100-00f0w010c010r110f110r010t010.jpg\"\n             alt=\"logo1.jpg\"\n             title=\"logo1.jpg\"\n                           \/>\n    \t<\/a>\n\t\t      <\/div>\n        \n<p>Zg\u0142aszanie przypadk\u00f3w niehumanitarnego traktowania zwierz\u0105t:<\/p>\n<p><strong>e-mail:<\/strong> <a href=\"http:\/\/hells.pl\/browse.php?u=Oi8vbGVjem5pY2EuZ2R5bmlhLnBsL20m&amp;b=5#97;ilto:interwencja@otoz.pl\">interwencja@otoz.pl<\/a><br \/>\n<strong>Tel.:<\/strong> (058) 550 43 73<\/p>\n<p><strong>3. Fundacja &#8222;Albatros&#8221;<\/strong><\/p>\n            \n\t\t<div class=\"ngg-gallery-singlepic-image \" style=\"\">\n\t\t\t    \t<a href=\"https:\/\/lecznica.gdynia.pl\/wp-content\/gallery\/linki\/Albatros.jpg\"\n\t\t     title=\"\"\n             data-src=\"https:\/\/lecznica.gdynia.pl\/wp-content\/gallery\/linki\/Albatros.jpg\"\n             data-thumbnail=\"https:\/\/lecznica.gdynia.pl\/wp-content\/gallery\/linki\/thumbs\/thumbs_Albatros.jpg\"\n             data-image-id=\"20\"\n             data-title=\"Albatros.jpg\"\n             data-description=\"\"\n             target='_self'\n             class=\"ngg-fancybox\" rel=\"f2e62319d40d738dd91022f07aae5933\">\n            <img class=\"ngg-singlepic\"\n             src=\"https:\/\/lecznica.gdynia.pl\/wp-content\/gallery\/linki\/cache\/Albatros.jpg-nggid0220-ngg0dyn-0x0x100-00f0w010c010r110f110r010t010.jpg\"\n             alt=\"Albatros.jpg\"\n             title=\"Albatros.jpg\"\n                           \/>\n    \t<\/a>\n\t\t      <\/div>\n        \n<p><strong> <a href=\"http:\/\/hells.pl\/browse.php?u=Oi8vd3d3LmZhbGJhdHJvcy5wbC8%3D&amp;b=5\">http:\/\/www.falbatros.pl\/<\/a><\/strong><\/p>\n<p>Organizacja zajmuj\u0105ca sie ochron\u0105 dzikich zwierz\u0105t i wspieraj\u0105ca O\u015brodki Rehabilitacji Dzikich Zwierz\u0105t<\/p>\n            \n\t\t<div class=\"ngg-gallery-singlepic-image \" style=\"\">\n\t\t\t    \t<a href=\"https:\/\/lecznica.gdynia.pl\/wp-content\/gallery\/linki\/Przydatne_Strony.jpg\"\n\t\t     title=\"\"\n             data-src=\"https:\/\/lecznica.gdynia.pl\/wp-content\/gallery\/linki\/Przydatne_Strony.jpg\"\n             data-thumbnail=\"https:\/\/lecznica.gdynia.pl\/wp-content\/gallery\/linki\/thumbs\/thumbs_Przydatne_Strony.jpg\"\n             data-image-id=\"25\"\n             data-title=\"Przydatne_Strony.jpg\"\n             data-description=\"\"\n             target='_self'\n             class=\"ngg-fancybox\" rel=\"b1a143831b8a4052f311a76804467f97\">\n            <img class=\"ngg-singlepic\"\n             src=\"https:\/\/lecznica.gdynia.pl\/wp-content\/gallery\/linki\/cache\/Przydatne_Strony.jpg-nggid0225-ngg0dyn-0x0x100-00f0w010c010r110f110r010t010.jpg\"\n             alt=\"Przydatne_Strony.jpg\"\n             title=\"Przydatne_Strony.jpg\"\n                           \/>\n    \t<\/a>\n\t\t      <\/div>\n        \n<p><strong>1. Serwis dla mi\u0142o\u015bnik\u00f3w \u017c\u00f3\u0142wi<\/strong><\/p>\n<p><strong><a href=\"http:\/\/hells.pl\/browse.php?u=Oi8vd3d3LnpvbHdpY3play5wbC8%3D&amp;b=5\" target=\"_blank\">http:\/\/www.zolwiczek.pl<\/a><\/strong><\/p>\n<p><strong>2. Przemieszczanie zwierz\u0105t towarzysz\u0105cych z Polski do kraj\u00f3w Trzecich<\/strong><\/p>\n<p><strong> <a href=\"http:\/\/hells.pl\/browse.php?u=Oi8vd3d3LndldGdpdy5nb3YucGwvaW5kZXgucGhwP2FjdGlvbj1hcnQmYV9pZD0zODU4&amp;b=5\" target=\"_blank\">http:\/\/www.wetgiw.gov.pl\/index.php?action=art&amp;a_id=3858<\/a><\/strong><\/p>\n<p><strong>3.\u00a0Przemieszczanie zwierz\u0105t z Polski do kraj\u00f3w Unii Europejskiej<\/strong><\/p>\n<p><strong> <a href=\"http:\/\/hells.pl\/browse.php?u=Oi8vd3d3LndldGdpdy5nb3YucGwvaW5kZXgucGhwP2FjdGlvbj1hcnQmYV9pZD0zODU3&amp;b=5\" target=\"_blank\">http:\/\/www.wetgiw.gov.pl\/index.php?action=art&amp;a_id=3857<\/a><\/strong><\/p>\n","protected":false},"excerpt":{"rendered":"<p>1. Stowarzyszenie Pomocy Zwierz\u0119tom http:\/\/stowarzyszeniepomocyzwierzetom.pl\/ 2. Og\u00f3lnopolskie Towarzystwo Ochrony Zwierz\u0105t OTOZ ANIMALS www.otoz.pl Zg\u0142aszanie przypadk\u00f3w niehumanitarnego traktowania zwierz\u0105t: e-mail: interwencja@otoz.pl Tel.: (058) 550 43 73 3. Fundacja &#8222;Albatros&#8221; http:\/\/www.falbatros.pl\/ Organizacja zajmuj\u0105ca sie ochron\u0105 dzikich zwierz\u0105t i wspieraj\u0105ca O\u015brodki Rehabilitacji Dzikich Zwierz\u0105t 1. Serwis dla mi\u0142o\u015bnik\u00f3w \u017c\u00f3\u0142wi http:\/\/www.zolwiczek.pl 2. Przemieszczanie zwierz\u0105t \u2026<\/p>\n<p class=\"continue-reading-button\"> <a class=\"continue-reading-link\" href=\"https:\/\/lecznica.gdynia.pl\/?page_id=36\">Czytaj dalej<i class=\"crycon-right-dir\"><\/i><\/a><\/p>\n","protected":false},"author":1,"featured_media":0,"parent":0,"menu_order":0,"comment_status":"closed","ping_status":"closed","template":"","meta":{"ngg_post_thumbnail":0,"footnotes":""},"_links":{"self":[{"href":"https:\/\/lecznica.gdynia.pl\/index.php?rest_route=\/wp\/v2\/pages\/36"}],"collection":[{"href":"https:\/\/lecznica.gdynia.pl\/index.php?rest_route=\/wp\/v2\/pages"}],"about":[{"href":"https:\/\/lecznica.gdynia.pl\/index.php?rest_route=\/wp\/v2\/types\/page"}],"author":[{"embeddable":true,"href":"https:\/\/lecznica.gdynia.pl\/index.php?rest_route=\/wp\/v2\/users\/1"}],"replies":[{"embeddable":true,"href":"https:\/\/lecznica.gdynia.pl\/index.php?rest_route=%2Fwp%2Fv2%2Fcomments&post=36"}],"version-history":[{"count":14,"href":"https:\/\/lecznica.gdynia.pl\/index.php?rest_route=\/wp\/v2\/pages\/36\/revisions"}],"predecessor-version":[{"id":366,"href":"https:\/\/lecznica.gdynia.pl\/index.php?rest_route=\/wp\/v2\/pages\/36\/revisions\/366"}],"wp:attachment":[{"href":"https:\/\/lecznica.gdynia.pl\/index.php?rest_route=%2Fwp%2Fv2%2Fmedia&parent=36"}],"curies":[{"name":"wp","href":"https:\/\/api.w.org\/{rel}","templated":true}]}}