{"id":28,"date":"2015-02-28T14:03:49","date_gmt":"2015-02-28T13:03:49","guid":{"rendered":"http:\/\/lecznica.gdynia.pl\/?page_id=28"},"modified":"2026-04-29T10:21:58","modified_gmt":"2026-04-29T09:21:58","slug":"grafik","status":"publish","type":"page","link":"https:\/\/lecznica.gdynia.pl\/?page_id=28","title":{"rendered":"Grafik"},"content":{"rendered":"\n<p class=\"has-text-align-center\"><a href=\"https:\/\/lecznica.gdynia.pl\/?page_id=66\" data-type=\"URL\" data-id=\"https:\/\/lecznica.gdynia.pl\/?page_id=66\"><span style=\"color: #000080;\"><\/span><\/a><a href=\"https:\/\/lecznica.gdynia.pl\/?page_id=68\"><span style=\"color: #000080;\"><\/span><\/a><a href=\"https:\/\/lecznica.gdynia.pl\/?page_id=70\" data-type=\"URL\" data-id=\"https:\/\/lecznica.gdynia.pl\/?page_id=70\"><\/a><\/p>\n\n\n\n<p class=\"has-text-align-center\"><\/p>\n\n\n\n<p class=\"has-text-align-center\"><strong><a href=\"https:\/\/lecznica.gdynia.pl\/?page_id=70\">Godziny przyj\u0119\u0107 lekarzy w dniach:  27.04.2026 &#8211; 03.05.2026<\/a><\/strong><\/p>\n\n\n\n<p class=\"has-text-align-center\"><a href=\"https:\/\/lecznica.gdynia.pl\/?page_id=68\"><strong>Godziny przyj\u0119\u0107 lekarzy w dniach: &nbsp;04.05.2026 &#8211; 10.05.2026<\/strong><\/a> <\/p>\n\n\n\n<p class=\"has-text-align-center\"><strong><a href=\"https:\/\/lecznica.gdynia.pl\/?page_id=544\">Godziny przyj\u0119\u0107 lekarzy w dniach:  11.05.2026 &#8211; 17.05.2026<\/a><\/strong><\/p>\n\n\n\n<p class=\"has-text-align-center\"><strong><a href=\"https:\/\/lecznica.gdynia.pl\/?page_id=66\">Godziny przyj\u0119\u0107 lekarzy w dniach: 18.05.2026 &#8211; 24.05.2026<\/a><\/strong><\/p>\n\n\n\n<p><\/p>\n","protected":false},"excerpt":{"rendered":"<p>Godziny przyj\u0119\u0107 lekarzy w dniach: 27.04.2026 &#8211; 03.05.2026 Godziny przyj\u0119\u0107 lekarzy w dniach: &nbsp;04.05.2026 &#8211; 10.05.2026 Godziny przyj\u0119\u0107 lekarzy w dniach: 11.05.2026 &#8211; 17.05.2026 Godziny przyj\u0119\u0107 lekarzy w dniach: 18.05.2026 &#8211; 24.05.2026<\/p>\n<p class=\"continue-reading-button\"> <a class=\"continue-reading-link\" href=\"https:\/\/lecznica.gdynia.pl\/?page_id=28\">Czytaj dalej<i class=\"crycon-right-dir\"><\/i><\/a><\/p>\n","protected":false},"author":1,"featured_media":0,"parent":0,"menu_order":0,"comment_status":"closed","ping_status":"closed","template":"","meta":{"ngg_post_thumbnail":0,"footnotes":""},"_links":{"self":[{"href":"https:\/\/lecznica.gdynia.pl\/index.php?rest_route=\/wp\/v2\/pages\/28"}],"collection":[{"href":"https:\/\/lecznica.gdynia.pl\/index.php?rest_route=\/wp\/v2\/pages"}],"about":[{"href":"https:\/\/lecznica.gdynia.pl\/index.php?rest_route=\/wp\/v2\/types\/page"}],"author":[{"embeddable":true,"href":"https:\/\/lecznica.gdynia.pl\/index.php?rest_route=\/wp\/v2\/users\/1"}],"replies":[{"embeddable":true,"href":"https:\/\/lecznica.gdynia.pl\/index.php?rest_route=%2Fwp%2Fv2%2Fcomments&post=28"}],"version-history":[{"count":601,"href":"https:\/\/lecznica.gdynia.pl\/index.php?rest_route=\/wp\/v2\/pages\/28\/revisions"}],"predecessor-version":[{"id":4893,"href":"https:\/\/lecznica.gdynia.pl\/index.php?rest_route=\/wp\/v2\/pages\/28\/revisions\/4893"}],"wp:attachment":[{"href":"https:\/\/lecznica.gdynia.pl\/index.php?rest_route=%2Fwp%2Fv2%2Fmedia&parent=28"}],"curies":[{"name":"wp","href":"https:\/\/api.w.org\/{rel}","templated":true}]}}