{"id":24,"date":"2015-02-28T14:03:14","date_gmt":"2015-02-28T13:03:14","guid":{"rendered":"http:\/\/lecznica.gdynia.pl\/?page_id=24"},"modified":"2016-04-21T11:00:00","modified_gmt":"2016-04-21T10:00:00","slug":"o-nas","status":"publish","type":"page","link":"https:\/\/lecznica.gdynia.pl\/?page_id=24","title":{"rendered":"O nas"},"content":{"rendered":"<p style=\"text-align: justify;\"><a href=\"https:\/\/lecznica.gdynia.pl\/wp-content\/uploads\/2015\/02\/DSC00006-II.jpg\"><img decoding=\"async\" loading=\"lazy\" class=\" wp-image-1093  alignleft\" src=\"https:\/\/lecznica.gdynia.pl\/wp-content\/uploads\/2015\/02\/DSC00006-II.jpg\" alt=\"\" width=\"290\" height=\"194\" srcset=\"https:\/\/lecznica.gdynia.pl\/wp-content\/uploads\/2015\/02\/DSC00006-II.jpg 3485w, https:\/\/lecznica.gdynia.pl\/wp-content\/uploads\/2015\/02\/DSC00006-II-300x201.jpg 300w, https:\/\/lecznica.gdynia.pl\/wp-content\/uploads\/2015\/02\/DSC00006-II-1024x686.jpg 1024w, https:\/\/lecznica.gdynia.pl\/wp-content\/uploads\/2015\/02\/DSC00006-II-75x50.jpg 75w, https:\/\/lecznica.gdynia.pl\/wp-content\/uploads\/2015\/02\/DSC00006-II-150x100.jpg 150w\" sizes=\"(max-width: 290px) 100vw, 290px\" \/><\/a><\/p>\n<p style=\"text-align: justify;\"><strong>Lecznica w Red\u0142owie powsta\u0142a w 1965 roku.<\/strong><\/p>\n<p style=\"text-align: justify;\">Do lat &#8217;90 by\u0142a to jedyna lecznica na terenie Gdyni. Ci\u0105g\u0142y rozw\u00f3j do dnia dzisiejszego pozwoli\u0142 na powstanie<br \/>\nwysokospecjalistycznej lecznicy dla zwierz\u0105t.<\/p>\n<p style=\"text-align: justify;\">Wraz ze wzrostem zapotrzebowania na tego typu kliniki w ostatnim okresie powsta\u0142a filia na Ob\u0142u\u017cu.<\/p>\n<p style=\"text-align: justify;\">Na dzie\u0144 dzisiejszy w zak\u0142adzie pracuje 6 lekarzy, 2 piel\u0119gniarzy oraz personel techniczny i administracyjny.<\/p>\n<p style=\"text-align: justify;\">W lecznicy znajduje si\u0119 r\u00f3wnie\u017c sala konferencyjna umo\u017cliwiaj\u0105ca ci\u0105g\u0142e podnoszenie kwalifikacji pracownik\u00f3w.<br \/>\nNa wyk\u0142ady zapraszamy znanych specjalist\u00f3w z kraju i zagranicy.<\/p>\n","protected":false},"excerpt":{"rendered":"<p>Lecznica w Red\u0142owie powsta\u0142a w 1965 roku. Do lat &#8217;90 by\u0142a to jedyna lecznica na terenie Gdyni. Ci\u0105g\u0142y rozw\u00f3j do dnia dzisiejszego pozwoli\u0142 na powstanie wysokospecjalistycznej lecznicy dla zwierz\u0105t. Wraz ze wzrostem zapotrzebowania na tego typu kliniki w ostatnim okresie powsta\u0142a filia na Ob\u0142u\u017cu. Na dzie\u0144 dzisiejszy w zak\u0142adzie pracuje \u2026<\/p>\n<p class=\"continue-reading-button\"> <a class=\"continue-reading-link\" href=\"https:\/\/lecznica.gdynia.pl\/?page_id=24\">Czytaj dalej<i class=\"crycon-right-dir\"><\/i><\/a><\/p>\n","protected":false},"author":1,"featured_media":0,"parent":0,"menu_order":0,"comment_status":"closed","ping_status":"closed","template":"","meta":{"ngg_post_thumbnail":0,"footnotes":""},"_links":{"self":[{"href":"https:\/\/lecznica.gdynia.pl\/index.php?rest_route=\/wp\/v2\/pages\/24"}],"collection":[{"href":"https:\/\/lecznica.gdynia.pl\/index.php?rest_route=\/wp\/v2\/pages"}],"about":[{"href":"https:\/\/lecznica.gdynia.pl\/index.php?rest_route=\/wp\/v2\/types\/page"}],"author":[{"embeddable":true,"href":"https:\/\/lecznica.gdynia.pl\/index.php?rest_route=\/wp\/v2\/users\/1"}],"replies":[{"embeddable":true,"href":"https:\/\/lecznica.gdynia.pl\/index.php?rest_route=%2Fwp%2Fv2%2Fcomments&post=24"}],"version-history":[{"count":9,"href":"https:\/\/lecznica.gdynia.pl\/index.php?rest_route=\/wp\/v2\/pages\/24\/revisions"}],"predecessor-version":[{"id":2859,"href":"https:\/\/lecznica.gdynia.pl\/index.php?rest_route=\/wp\/v2\/pages\/24\/revisions\/2859"}],"wp:attachment":[{"href":"https:\/\/lecznica.gdynia.pl\/index.php?rest_route=%2Fwp%2Fv2%2Fmedia&parent=24"}],"curies":[{"name":"wp","href":"https:\/\/api.w.org\/{rel}","templated":true}]}}